{"id":168,"date":"2023-10-01T22:21:44","date_gmt":"2023-10-01T20:21:44","guid":{"rendered":"https:\/\/smarttrafficdevices.com\/?page_id=168"},"modified":"2023-10-06T01:34:31","modified_gmt":"2023-10-05T23:34:31","slug":"blog","status":"publish","type":"page","link":"https:\/\/smarttrafficdevices.com\/index.php\/blog\/","title":{"rendered":"Blog"},"content":{"rendered":"\t\t<div data-elementor-type=\"wp-page\" data-elementor-id=\"168\" class=\"elementor elementor-168\" data-elementor-post-type=\"page\">\n\t\t\t\t\t\t\t<div class=\"elementor-element elementor-element-a66d7a5 e-flex e-con-boxed e-con e-parent\" data-id=\"a66d7a5\" data-element_type=\"container\" data-settings=\"{&quot;content_width&quot;:&quot;boxed&quot;}\" data-core-v316-plus=\"true\">\n\t\t\t\t\t<div class=\"e-con-inner\">\n\t\t\t\t<div class=\"elementor-element elementor-element-01f03c8 elementor-invisible elementor-widget elementor-widget-heading\" data-id=\"01f03c8\" data-element_type=\"widget\" data-settings=\"{&quot;_animation&quot;:&quot;fadeInDown&quot;}\" data-widget_type=\"heading.default\">\n\t\t\t\t<div class=\"elementor-widget-container\">\n\t\t\t<style>\/*! elementor - v3.16.0 - 20-09-2023 *\/\n.elementor-heading-title{padding:0;margin:0;line-height:1}.elementor-widget-heading .elementor-heading-title[class*=elementor-size-]>a{color:inherit;font-size:inherit;line-height:inherit}.elementor-widget-heading .elementor-heading-title.elementor-size-small{font-size:15px}.elementor-widget-heading .elementor-heading-title.elementor-size-medium{font-size:19px}.elementor-widget-heading .elementor-heading-title.elementor-size-large{font-size:29px}.elementor-widget-heading .elementor-heading-title.elementor-size-xl{font-size:39px}.elementor-widget-heading .elementor-heading-title.elementor-size-xxl{font-size:59px}<\/style><h2 class=\"elementor-heading-title elementor-size-default\">Nuestro Blog<\/h2>\t\t<\/div>\n\t\t\t\t<\/div>\n\t\t\t\t<div class=\"elementor-element elementor-element-3ec2fc7 elementor-widget elementor-widget-heading\" data-id=\"3ec2fc7\" data-element_type=\"widget\" data-widget_type=\"heading.default\">\n\t\t\t\t<div class=\"elementor-widget-container\">\n\t\t\t<h2 class=\"elementor-heading-title elementor-size-default\">Redefiniendo la seguridad vial<\/h2>\t\t<\/div>\n\t\t\t\t<\/div>\n\t\t\t\t<div class=\"elementor-element elementor-element-2d3d50d elementor-search-form--skin-minimal elementor-invisible elementor-widget elementor-widget-search-form\" data-id=\"2d3d50d\" data-element_type=\"widget\" data-settings=\"{&quot;skin&quot;:&quot;minimal&quot;,&quot;_animation&quot;:&quot;fadeIn&quot;}\" data-widget_type=\"search-form.default\">\n\t\t\t\t<div class=\"elementor-widget-container\">\n\t\t\t<link rel=\"stylesheet\" href=\"https:\/\/smarttrafficdevices.com\/wp-content\/plugins\/elementor-pro\/assets\/css\/widget-theme-elements.min.css\">\t\t<form class=\"elementor-search-form\" action=\"https:\/\/smarttrafficdevices.com\" method=\"get\" role=\"search\">\n\t\t\t\t\t\t\t\t\t<div class=\"elementor-search-form__container\">\n\t\t\t\t<label class=\"elementor-screen-only\" for=\"elementor-search-form-2d3d50d\">Buscar<\/label>\n\n\t\t\t\t\t\t\t\t\t<div class=\"elementor-search-form__icon\">\n\t\t\t\t\t\t<i aria-hidden=\"true\" class=\"fas fa-search\"><\/i>\t\t\t\t\t\t<span class=\"elementor-screen-only\">Buscar<\/span>\n\t\t\t\t\t<\/div>\n\t\t\t\t\n\t\t\t\t<input id=\"elementor-search-form-2d3d50d\" placeholder=\"Buscar nuestros blogs por temas o palabras clave\" class=\"elementor-search-form__input\" type=\"search\" name=\"s\" value=\"\">\n\t\t\t\t\n\t\t\t\t\n\t\t\t\t\t\t\t<\/div>\n\t\t<\/form>\n\t\t\t\t<\/div>\n\t\t\t\t<\/div>\n\t\t\t\t\t<\/div>\n\t\t\t\t<\/div>\n\t\t<div class=\"elementor-element elementor-element-805de9d e-flex e-con-boxed e-con e-parent\" data-id=\"805de9d\" data-element_type=\"container\" data-settings=\"{&quot;content_width&quot;:&quot;boxed&quot;}\" data-core-v316-plus=\"true\">\n\t\t\t\t\t<div class=\"e-con-inner\">\n\t\t<div class=\"elementor-element elementor-element-b4aadc5 e-con-full e-flex e-con e-child\" data-id=\"b4aadc5\" data-element_type=\"container\" data-settings=\"{&quot;content_width&quot;:&quot;full&quot;}\">\n\t\t\t\t<div class=\"elementor-element elementor-element-41e3c8d elementor-widget elementor-widget-image\" data-id=\"41e3c8d\" data-element_type=\"widget\" data-widget_type=\"image.default\">\n\t\t\t\t<div class=\"elementor-widget-container\">\n\t\t\t<style>\/*! elementor - v3.16.0 - 20-09-2023 *\/\n.elementor-widget-image{text-align:center}.elementor-widget-image a{display:inline-block}.elementor-widget-image a img[src$=\".svg\"]{width:48px}.elementor-widget-image img{vertical-align:middle;display:inline-block}<\/style>\t\t\t\t\t\t\t\t\t\t\t\t<img decoding=\"async\" loading=\"lazy\" width=\"615\" height=\"362\" src=\"https:\/\/smarttrafficdevices.com\/wp-content\/uploads\/2023\/10\/blogs-29.png\" class=\"attachment-large size-large wp-image-231\" alt=\"\" srcset=\"https:\/\/smarttrafficdevices.com\/wp-content\/uploads\/2023\/10\/blogs-29.png 615w, https:\/\/smarttrafficdevices.com\/wp-content\/uploads\/2023\/10\/blogs-29-300x177.png 300w\" sizes=\"(max-width: 615px) 100vw, 615px\" \/>\t\t\t\t\t\t\t\t\t\t\t\t\t\t\t<\/div>\n\t\t\t\t<\/div>\n\t\t\t\t<\/div>\n\t\t<div class=\"elementor-element elementor-element-3dc1d3e e-con-full e-flex e-con e-child\" data-id=\"3dc1d3e\" data-element_type=\"container\" data-settings=\"{&quot;content_width&quot;:&quot;full&quot;}\">\n\t\t\t\t<div class=\"elementor-element elementor-element-1b06d53 elementor-widget elementor-widget-heading\" data-id=\"1b06d53\" data-element_type=\"widget\" data-widget_type=\"heading.default\">\n\t\t\t\t<div class=\"elementor-widget-container\">\n\t\t\t<h2 class=\"elementor-heading-title elementor-size-default\">Tecnolog\u00eda, Innovaci\u00f3n<\/h2>\t\t<\/div>\n\t\t\t\t<\/div>\n\t\t\t\t<div class=\"elementor-element elementor-element-ef637ae elementor-widget elementor-widget-heading\" data-id=\"ef637ae\" data-element_type=\"widget\" data-widget_type=\"heading.default\">\n\t\t\t\t<div class=\"elementor-widget-container\">\n\t\t\t<h2 class=\"elementor-heading-title elementor-size-default\">C\u00f3mo Elegir el Producto de Seguridad Vial Perfecto para tu Proyecto<\/h2>\t\t<\/div>\n\t\t\t\t<\/div>\n\t\t\t\t<div class=\"elementor-element elementor-element-90396ed elementor-widget elementor-widget-text-editor\" data-id=\"90396ed\" data-element_type=\"widget\" data-widget_type=\"text-editor.default\">\n\t\t\t\t<div class=\"elementor-widget-container\">\n\t\t\t<style>\/*! elementor - v3.16.0 - 20-09-2023 *\/\n.elementor-widget-text-editor.elementor-drop-cap-view-stacked .elementor-drop-cap{background-color:#69727d;color:#fff}.elementor-widget-text-editor.elementor-drop-cap-view-framed .elementor-drop-cap{color:#69727d;border:3px solid;background-color:transparent}.elementor-widget-text-editor:not(.elementor-drop-cap-view-default) .elementor-drop-cap{margin-top:8px}.elementor-widget-text-editor:not(.elementor-drop-cap-view-default) .elementor-drop-cap-letter{width:1em;height:1em}.elementor-widget-text-editor .elementor-drop-cap{float:left;text-align:center;line-height:1;font-size:50px}.elementor-widget-text-editor .elementor-drop-cap-letter{display:inline-block}<\/style>\t\t\t\t\u00bfTe preguntas cu\u00e1l es la elecci\u00f3n correcta cuando se trata de productos de seguridad vial? Descubre en nuestro \u00faltimo blog todo lo que necesitas saber para tomar decisiones informadas y garantizar la protecci\u00f3n de tu proyecto y su comunidad&#8230;\t\t\t\t\t\t<\/div>\n\t\t\t\t<\/div>\n\t\t\t\t<\/div>\n\t\t\t\t\t<\/div>\n\t\t\t\t<\/div>\n\t\t<div class=\"elementor-element elementor-element-315999f e-flex e-con-boxed e-con e-parent\" data-id=\"315999f\" data-element_type=\"container\" data-settings=\"{&quot;content_width&quot;:&quot;boxed&quot;}\" data-core-v316-plus=\"true\">\n\t\t\t\t\t<div class=\"e-con-inner\">\n\t\t\t\t<div class=\"elementor-element elementor-element-d6befb7 elementor-grid-3 elementor-grid-tablet-2 elementor-grid-mobile-1 elementor-posts--thumbnail-top elementor-card-shadow-yes elementor-posts__hover-gradient elementor-widget elementor-widget-posts\" data-id=\"d6befb7\" data-element_type=\"widget\" data-settings=\"{&quot;cards_columns&quot;:&quot;3&quot;,&quot;cards_columns_tablet&quot;:&quot;2&quot;,&quot;cards_columns_mobile&quot;:&quot;1&quot;,&quot;cards_row_gap&quot;:{&quot;unit&quot;:&quot;px&quot;,&quot;size&quot;:35,&quot;sizes&quot;:[]},&quot;cards_row_gap_tablet&quot;:{&quot;unit&quot;:&quot;px&quot;,&quot;size&quot;:&quot;&quot;,&quot;sizes&quot;:[]},&quot;cards_row_gap_mobile&quot;:{&quot;unit&quot;:&quot;px&quot;,&quot;size&quot;:&quot;&quot;,&quot;sizes&quot;:[]}}\" data-widget_type=\"posts.cards\">\n\t\t\t\t<div class=\"elementor-widget-container\">\n\t\t\t<link rel=\"stylesheet\" href=\"https:\/\/smarttrafficdevices.com\/wp-content\/plugins\/elementor-pro\/assets\/css\/widget-posts.min.css\">\t\t<div class=\"elementor-posts-container elementor-posts elementor-posts--skin-cards elementor-grid\">\n\t\t\t\t<article class=\"elementor-post elementor-grid-item post-469 post type-post status-publish format-standard has-post-thumbnail hentry category-blog\">\n\t\t\t<div class=\"elementor-post__card\">\n\t\t\t\t<a class=\"elementor-post__thumbnail__link\" href=\"https:\/\/smarttrafficdevices.com\/index.php\/2024\/01\/15\/dispositivos-reflectantes-un-paso-adelante-en-la-visibilidad-nocturna-copy-2\/\" tabindex=\"-1\" ><div class=\"elementor-post__thumbnail\"><img loading=\"lazy\" width=\"195\" height=\"300\" src=\"https:\/\/smarttrafficdevices.com\/wp-content\/uploads\/2023\/10\/galeria-36-195x300.jpg\" class=\"attachment-medium size-medium wp-image-268\" alt=\"\" decoding=\"async\" srcset=\"https:\/\/smarttrafficdevices.com\/wp-content\/uploads\/2023\/10\/galeria-36-195x300.jpg 195w, https:\/\/smarttrafficdevices.com\/wp-content\/uploads\/2023\/10\/galeria-36.jpg 338w\" sizes=\"(max-width: 195px) 100vw, 195px\" \/><\/div><\/a>\n\t\t\t\t<div class=\"elementor-post__text\">\n\t\t\t\t<h3 class=\"elementor-post__title\">\n\t\t\t<a href=\"https:\/\/smarttrafficdevices.com\/index.php\/2024\/01\/15\/dispositivos-reflectantes-un-paso-adelante-en-la-visibilidad-nocturna-copy-2\/\" >\n\t\t\t\tUtilidad y Efectividad de los Hitos Viales\t\t\t<\/a>\n\t\t<\/h3>\n\t\t\t\t<div class=\"elementor-post__excerpt\">\n\t\t\t<p>Seleccionar Utilidad y Efectividad de los Hitos Viales Utilidad y Efectividad de los Hitos Viales&nbsp; Las carreteras son un entramado vital para la movilidad, y<\/p>\n\t\t<\/div>\n\t\t\n\t\t<a class=\"elementor-post__read-more\" href=\"https:\/\/smarttrafficdevices.com\/index.php\/2024\/01\/15\/dispositivos-reflectantes-un-paso-adelante-en-la-visibilidad-nocturna-copy-2\/\" aria-label=\"M\u00e1s informaci\u00f3n sobre Utilidad y Efectividad de los Hitos Viales\" tabindex=\"-1\" >\n\t\t\tVer m\u00e1s -&gt;\t\t<\/a>\n\n\t\t\t\t<\/div>\n\t\t\t\t\t<\/div>\n\t\t<\/article>\n\t\t\t\t<article class=\"elementor-post elementor-grid-item post-243 post type-post status-publish format-standard has-post-thumbnail hentry category-blog\">\n\t\t\t<div class=\"elementor-post__card\">\n\t\t\t\t<a class=\"elementor-post__thumbnail__link\" href=\"https:\/\/smarttrafficdevices.com\/index.php\/2023\/10\/02\/dispositivos-reflectantes-un-paso-adelante-en-la-visibilidad-nocturna\/\" tabindex=\"-1\" ><div class=\"elementor-post__thumbnail\"><img loading=\"lazy\" width=\"300\" height=\"269\" src=\"https:\/\/smarttrafficdevices.com\/wp-content\/uploads\/2023\/10\/blogs-28-300x269.png\" class=\"attachment-medium size-medium wp-image-246\" alt=\"\" decoding=\"async\" srcset=\"https:\/\/smarttrafficdevices.com\/wp-content\/uploads\/2023\/10\/blogs-28-300x269.png 300w, https:\/\/smarttrafficdevices.com\/wp-content\/uploads\/2023\/10\/blogs-28.png 372w\" sizes=\"(max-width: 300px) 100vw, 300px\" \/><\/div><\/a>\n\t\t\t\t<div class=\"elementor-post__text\">\n\t\t\t\t<h3 class=\"elementor-post__title\">\n\t\t\t<a href=\"https:\/\/smarttrafficdevices.com\/index.php\/2023\/10\/02\/dispositivos-reflectantes-un-paso-adelante-en-la-visibilidad-nocturna\/\" >\n\t\t\t\tDispositivos Reflectantes: Un Paso Adelante en la Visibilidad Nocturna\t\t\t<\/a>\n\t\t<\/h3>\n\t\t\t\t<div class=\"elementor-post__excerpt\">\n\t\t\t<p>Cuando cae la noche, la visibilidad se convierte en un desaf\u00edo crucial en la seguridad vial. Descubre c\u00f3mo los dispositivos reflectantes est\u00e1n&#8230;<\/p>\n\t\t<\/div>\n\t\t\n\t\t<a class=\"elementor-post__read-more\" href=\"https:\/\/smarttrafficdevices.com\/index.php\/2023\/10\/02\/dispositivos-reflectantes-un-paso-adelante-en-la-visibilidad-nocturna\/\" aria-label=\"M\u00e1s informaci\u00f3n sobre Dispositivos Reflectantes: Un Paso Adelante en la Visibilidad Nocturna\" tabindex=\"-1\" >\n\t\t\tVer m\u00e1s -&gt;\t\t<\/a>\n\n\t\t\t\t<\/div>\n\t\t\t\t\t<\/div>\n\t\t<\/article>\n\t\t\t\t<article class=\"elementor-post elementor-grid-item post-240 post type-post status-publish format-standard has-post-thumbnail hentry category-blog\">\n\t\t\t<div class=\"elementor-post__card\">\n\t\t\t\t<a class=\"elementor-post__thumbnail__link\" href=\"https:\/\/smarttrafficdevices.com\/index.php\/2023\/10\/02\/senalizacion-innovadora-mas-alla-de-las-senales-tradicionales\/\" tabindex=\"-1\" ><div class=\"elementor-post__thumbnail\"><img loading=\"lazy\" width=\"300\" height=\"268\" src=\"https:\/\/smarttrafficdevices.com\/wp-content\/uploads\/2023\/10\/blogs-27-300x268.png\" class=\"attachment-medium size-medium wp-image-241\" alt=\"\" decoding=\"async\" srcset=\"https:\/\/smarttrafficdevices.com\/wp-content\/uploads\/2023\/10\/blogs-27-300x268.png 300w, https:\/\/smarttrafficdevices.com\/wp-content\/uploads\/2023\/10\/blogs-27.png 370w\" sizes=\"(max-width: 300px) 100vw, 300px\" \/><\/div><\/a>\n\t\t\t\t<div class=\"elementor-post__text\">\n\t\t\t\t<h3 class=\"elementor-post__title\">\n\t\t\t<a href=\"https:\/\/smarttrafficdevices.com\/index.php\/2023\/10\/02\/senalizacion-innovadora-mas-alla-de-las-senales-tradicionales\/\" >\n\t\t\t\tSe\u00f1alizaci\u00f3n Innovadora: M\u00e1s All\u00e1 de las Se\u00f1ales Tradicionales\t\t\t<\/a>\n\t\t<\/h3>\n\t\t\t\t<div class=\"elementor-post__excerpt\">\n\t\t\t<p>Las se\u00f1ales viales son la voz silenciosa que gu\u00eda a los conductores y peatones en su traves\u00eda. En este art\u00edculo, sum\u00e9rgete en el emocionante&#8230;<\/p>\n\t\t<\/div>\n\t\t\n\t\t<a class=\"elementor-post__read-more\" href=\"https:\/\/smarttrafficdevices.com\/index.php\/2023\/10\/02\/senalizacion-innovadora-mas-alla-de-las-senales-tradicionales\/\" aria-label=\"M\u00e1s informaci\u00f3n sobre Se\u00f1alizaci\u00f3n Innovadora: M\u00e1s All\u00e1 de las Se\u00f1ales Tradicionales\" tabindex=\"-1\" >\n\t\t\tVer m\u00e1s -&gt;\t\t<\/a>\n\n\t\t\t\t<\/div>\n\t\t\t\t\t<\/div>\n\t\t<\/article>\n\t\t\t\t<\/div>\n\t\t\n\t\t\t\t<\/div>\n\t\t\t\t<\/div>\n\t\t\t\t\t<\/div>\n\t\t\t\t<\/div>\n\t\t\t\t\t\t\t<\/div>\n\t\t","protected":false},"excerpt":{"rendered":"<p>Nuestro Blog Redefiniendo la seguridad vial Tecnolog\u00eda, Innovaci\u00f3n C\u00f3mo Elegir el Producto de Seguridad Vial Perfecto para tu Proyecto \u00bfTe preguntas cu\u00e1l es la elecci\u00f3n correcta cuando se trata de productos de seguridad vial? Descubre en nuestro \u00faltimo blog todo lo que necesitas saber para tomar decisiones informadas y garantizar la protecci\u00f3n de tu proyecto &hellip;<\/p>\n<p class=\"read-more\"> <a class=\"\" href=\"https:\/\/smarttrafficdevices.com\/index.php\/2023\/10\/02\/senalizacion-innovadora-mas-alla-de-las-senales-tradicionales\/\"> <span class=\"screen-reader-text\">Se\u00f1alizaci\u00f3n Innovadora: M\u00e1s All\u00e1 de las Se\u00f1ales Tradicionales<\/span> Leer m\u00e1s &raquo;<\/a><\/p>\n","protected":false},"author":1,"featured_media":0,"parent":0,"menu_order":0,"comment_status":"closed","ping_status":"closed","template":"","meta":{"site-sidebar-layout":"no-sidebar","site-content-layout":"","ast-site-content-layout":"full-width-container","site-content-style":"default","site-sidebar-style":"default","ast-global-header-display":"","ast-banner-title-visibility":"","ast-main-header-display":"","ast-hfb-above-header-display":"","ast-hfb-below-header-display":"","ast-hfb-mobile-header-display":"","site-post-title":"disabled","ast-breadcrumbs-content":"","ast-featured-img":"disabled","footer-sml-layout":"","theme-transparent-header-meta":"","adv-header-id-meta":"","stick-header-meta":"","header-above-stick-meta":"","header-main-stick-meta":"","header-below-stick-meta":"","astra-migrate-meta-layouts":"","footnotes":""},"_links":{"self":[{"href":"https:\/\/smarttrafficdevices.com\/index.php\/wp-json\/wp\/v2\/pages\/168"}],"collection":[{"href":"https:\/\/smarttrafficdevices.com\/index.php\/wp-json\/wp\/v2\/pages"}],"about":[{"href":"https:\/\/smarttrafficdevices.com\/index.php\/wp-json\/wp\/v2\/types\/page"}],"author":[{"embeddable":true,"href":"https:\/\/smarttrafficdevices.com\/index.php\/wp-json\/wp\/v2\/users\/1"}],"replies":[{"embeddable":true,"href":"https:\/\/smarttrafficdevices.com\/index.php\/wp-json\/wp\/v2\/comments?post=168"}],"version-history":[{"count":10,"href":"https:\/\/smarttrafficdevices.com\/index.php\/wp-json\/wp\/v2\/pages\/168\/revisions"}],"predecessor-version":[{"id":410,"href":"https:\/\/smarttrafficdevices.com\/index.php\/wp-json\/wp\/v2\/pages\/168\/revisions\/410"}],"wp:attachment":[{"href":"https:\/\/smarttrafficdevices.com\/index.php\/wp-json\/wp\/v2\/media?parent=168"}],"curies":[{"name":"wp","href":"https:\/\/api.w.org\/{rel}","templated":true}]}}